{"id":64,"date":"2018-08-12T12:46:09","date_gmt":"2018-08-12T12:46:09","guid":{"rendered":"http:\/\/gaestehaus-walser.de\/?page_id=64"},"modified":"2018-08-26T15:53:51","modified_gmt":"2018-08-26T15:53:51","slug":"ferienwohnung","status":"publish","type":"page","link":"http:\/\/gaestehaus-walser.de\/?page_id=64","title":{"rendered":"Info Ferienwohnung"},"content":{"rendered":"<p><span style=\"color: #0000ff;\"><strong>1 Ferienwohnung f\u00fcr bis zu 6 Personen (Nichtraucher)<\/strong><\/span><\/p>\n<p><strong>Schlafen:<\/strong><\/p>\n<ul>\n<li>1 Schlafzimmer mit Doppelbett 200cm x 210cm (extra gro\u00df)<\/li>\n<li>1 Schlafzimmer mit zwei Einzelbetten 90cm x 200 cm<\/li>\n<li>1 Schlafsofa f\u00fcr zwei Personen 160cm x 200cm<\/li>\n<\/ul>\n<p><strong>Essen:<\/strong><\/p>\n<ul>\n<li>Selbstversorger &#8211;\u00a0 Ferienwohnung ist mit einer K\u00fcche ausgestattet\n<ul>\n<li>Ausstattung K\u00fcche:\n<ul>\n<li>K\u00fchlschrank<\/li>\n<li>Mikrowelle<\/li>\n<li>Backofen<\/li>\n<li>Ceran Kochfeld<\/li>\n<li>Sp\u00fchlmaschine<\/li>\n<li>Toaster<\/li>\n<li>Wasserkocher<\/li>\n<li>Kaffeemaschine<\/li>\n<li>Ess- und Kaffeegeschirr f\u00fcr bis zu 6 Personen<\/li>\n<li>Besteck f\u00fcr bis zu 6 Personen<\/li>\n<li>K\u00fcchenutensilien wie Kochl\u00f6ffel, Messer, Schneebesen, etc.<\/li>\n<li>Kocht\u00f6pfe Edelstahl, Glas Auflaufformen, Sch\u00fcsseln<\/li>\n<li>Weingl\u00e4ser, Biergl\u00e4ser, Saftgl\u00e4ser<\/li>\n<li>Sp\u00fchllappen und Geschirrhandt\u00fccher<\/li>\n<\/ul>\n<\/li>\n<\/ul>\n<\/li>\n<\/ul>\n<p><strong>Bad:<\/strong><\/p>\n<ul>\n<li>Eigenes Bad mit Bodenebener Dusche und WC<\/li>\n<li>Beheizter Handtuchhalter<\/li>\n<li>Eigene Waschmaschine<\/li>\n<li>W\u00e4schest\u00e4nder<\/li>\n<li>F\u00f6n<\/li>\n<li>Klopapier und Handt\u00fccher<\/li>\n<\/ul>\n<p><strong>Wohnen:<\/strong><\/p>\n<ul>\n<li>Nichtraucher Zimmer<\/li>\n<li>falls erw\u00fcnscht Kinderbett<\/li>\n<li>Fernseher (SAT-TV)<\/li>\n<li>Radio \u00fcber TV-SAT Anlage<\/li>\n<li>Internetzugang \u00fcber W-LAN (kostenlos)<\/li>\n<\/ul>\n<p><strong>Sonstiges:<\/strong><\/p>\n<ul>\n<li>kostenlose Parkpl\u00e4tze vorhanden<\/li>\n<li>Nutzbare Terasse mit Terassenm\u00f6beln<\/li>\n<\/ul>\n","protected":false},"excerpt":{"rendered":"<p>1 Ferienwohnung f\u00fcr bis zu 6 Personen (Nichtraucher) Schlafen: 1 Schlafzimmer mit Doppelbett 200cm x 210cm (extra gro\u00df) 1 Schlafzimmer mit zwei Einzelbetten 90cm x 200 cm 1 Schlafsofa f\u00fcr zwei Personen 160cm x 200cm Essen: Selbstversorger &#8211;\u00a0 Ferienwohnung ist mit einer K\u00fcche ausgestattet Ausstattung K\u00fcche: K\u00fchlschrank Mikrowelle Backofen Ceran Kochfeld Sp\u00fchlmaschine Toaster Wasserkocher Kaffeemaschine [&hellip;]<\/p>\n","protected":false},"author":1,"featured_media":0,"parent":0,"menu_order":0,"comment_status":"closed","ping_status":"closed","template":"","meta":[],"_links":{"self":[{"href":"http:\/\/gaestehaus-walser.de\/index.php?rest_route=\/wp\/v2\/pages\/64"}],"collection":[{"href":"http:\/\/gaestehaus-walser.de\/index.php?rest_route=\/wp\/v2\/pages"}],"about":[{"href":"http:\/\/gaestehaus-walser.de\/index.php?rest_route=\/wp\/v2\/types\/page"}],"author":[{"embeddable":true,"href":"http:\/\/gaestehaus-walser.de\/index.php?rest_route=\/wp\/v2\/users\/1"}],"replies":[{"embeddable":true,"href":"http:\/\/gaestehaus-walser.de\/index.php?rest_route=%2Fwp%2Fv2%2Fcomments&post=64"}],"version-history":[{"count":5,"href":"http:\/\/gaestehaus-walser.de\/index.php?rest_route=\/wp\/v2\/pages\/64\/revisions"}],"predecessor-version":[{"id":142,"href":"http:\/\/gaestehaus-walser.de\/index.php?rest_route=\/wp\/v2\/pages\/64\/revisions\/142"}],"wp:attachment":[{"href":"http:\/\/gaestehaus-walser.de\/index.php?rest_route=%2Fwp%2Fv2%2Fmedia&parent=64"}],"curies":[{"name":"wp","href":"https:\/\/api.w.org\/{rel}","templated":true}]}}